{"id":285,"date":"2016-09-03T05:38:23","date_gmt":"2016-09-03T05:38:23","guid":{"rendered":"http:\/\/www.spokemaker.com\/pt-br\/?page_id=285"},"modified":"2016-10-22T23:40:16","modified_gmt":"2016-10-22T23:40:16","slug":"sobre-nos","status":"publish","type":"page","link":"https:\/\/www.spokemaker.com\/pt-br\/sobre-nos\/","title":{"rendered":"Sobre n\u00f3s"},"content":{"rendered":"<p>Romiter Machinery Co., Ltd. \u00e9 um designer l\u00edder de mercado e um fabricante de bicicletas raios e raios motocicleta tornando m\u00e1quinas<\/p>\n<p><a href=\"https:\/\/www.spokemaker.com\/bicycle-spokes-making-machine\/\"><img decoding=\"async\" class=\"alignnone size-full wp-image-233\" src=\"https:\/\/www.spokemaker.com\/wp-content\/uploads\/2016\/07\/Automatic-Bicycle-Spokes-Making-Machine-1.jpg\" alt=\"Automatic-Bicycle-Spokes-Making-Machine\" width=\"800\" height=\"301\" srcset=\"https:\/\/www.spokemaker.com\/wp-content\/uploads\/2016\/07\/Automatic-Bicycle-Spokes-Making-Machine-1.jpg 800w, https:\/\/www.spokemaker.com\/wp-content\/uploads\/2016\/07\/Automatic-Bicycle-Spokes-Making-Machine-1-300x113.jpg 300w, https:\/\/www.spokemaker.com\/wp-content\/uploads\/2016\/07\/Automatic-Bicycle-Spokes-Making-Machine-1-768x289.jpg 768w\" sizes=\"(max-width: 800px) 100vw, 800px\" \/><\/a><\/p>\n<p>Romiter Machinery ganha grande reputa\u00e7\u00e3o para produtos com alta efici\u00eancia, excelente confiabilidade, f\u00e1cil manuten\u00e7\u00e3o e longa vida \u00fatil. Romiter tem uma excelente equipe de suporte t\u00e9cnico, incluindo operadores de m\u00e1quinas altamente experientes e t\u00e9cnicos de servi\u00e7o.<\/p>\n<p><a href=\"https:\/\/www.spokemaker.com\/bicycle-spoke-nipple-making-machine\/\"><img decoding=\"async\" class=\"alignnone size-full wp-image-236\" src=\"https:\/\/www.spokemaker.com\/wp-content\/uploads\/2016\/07\/Automatic-Bicycle-Motorcycle-Spokes-Nipples-Making-Machine.jpg\" alt=\"Automatic-Bicycle-Motorcycle-Spokes-Nipples-Making-Machine\" width=\"800\" height=\"310\" srcset=\"https:\/\/www.spokemaker.com\/wp-content\/uploads\/2016\/07\/Automatic-Bicycle-Motorcycle-Spokes-Nipples-Making-Machine.jpg 800w, https:\/\/www.spokemaker.com\/wp-content\/uploads\/2016\/07\/Automatic-Bicycle-Motorcycle-Spokes-Nipples-Making-Machine-300x116.jpg 300w, https:\/\/www.spokemaker.com\/wp-content\/uploads\/2016\/07\/Automatic-Bicycle-Motorcycle-Spokes-Nipples-Making-Machine-768x298.jpg 768w\" sizes=\"(max-width: 800px) 100vw, 800px\" \/><\/a><\/p>\n<p>O nosso servi\u00e7o, profissionalismo, experi\u00eancia e especializa\u00e7\u00e3o ganharam um grande n\u00famero de clientes satisfeitos, ganharam-nos a sua confian\u00e7a e nos deu credibilidade para trabalhar com v\u00e1rias empresas &#8212; grandes e pequenos, em todo East Area Oriente, do Norte e Am\u00e9rica do Sul, Reino Unido, Europa, Oceania, \u00c1sia e \u00c1frica, etc ..<\/p>\n<p><a href=\"https:\/\/www.spokemaker.com\/bicycle-butted-spokes-making-machine\/\"><img decoding=\"async\" class=\"alignnone size-full wp-image-235\" src=\"https:\/\/www.spokemaker.com\/wp-content\/uploads\/2016\/07\/Automatic-Single-Side-Butted-Spokes-Making-Machine.jpg\" alt=\"Automatic-Single-Side-Butted-Spokes-Making-Machine\" width=\"800\" height=\"334\" srcset=\"https:\/\/www.spokemaker.com\/wp-content\/uploads\/2016\/07\/Automatic-Single-Side-Butted-Spokes-Making-Machine.jpg 800w, https:\/\/www.spokemaker.com\/wp-content\/uploads\/2016\/07\/Automatic-Single-Side-Butted-Spokes-Making-Machine-300x125.jpg 300w, https:\/\/www.spokemaker.com\/wp-content\/uploads\/2016\/07\/Automatic-Single-Side-Butted-Spokes-Making-Machine-768x321.jpg 768w\" sizes=\"(max-width: 800px) 100vw, 800px\" \/><\/a><\/p>\n<p>Romiter Spokes bicicleta que faz a m\u00e1quina e Spokes bico do peito que faz a m\u00e1quina atender Europa exig\u00eancia de qualidade. com certifica\u00e7\u00e3o CE, o Cliente n\u00e3o precisa se preocupar com a importa\u00e7\u00e3o<\/p>\n<p><a href=\"https:\/\/www.spokemaker.com\/automatic-bladed-spokes-making-machine\/\"><img decoding=\"async\" class=\"alignnone size-full wp-image-234\" src=\"https:\/\/www.spokemaker.com\/wp-content\/uploads\/2016\/07\/Aero-Bladed-Bicycle-Spokes-Making-Machine.jpg\" alt=\"Aero-Bladed-Bicycle-Spokes-Making-Machine\" width=\"800\" height=\"333\" srcset=\"https:\/\/www.spokemaker.com\/wp-content\/uploads\/2016\/07\/Aero-Bladed-Bicycle-Spokes-Making-Machine.jpg 800w, https:\/\/www.spokemaker.com\/wp-content\/uploads\/2016\/07\/Aero-Bladed-Bicycle-Spokes-Making-Machine-300x125.jpg 300w, https:\/\/www.spokemaker.com\/wp-content\/uploads\/2016\/07\/Aero-Bladed-Bicycle-Spokes-Making-Machine-768x320.jpg 768w\" sizes=\"(max-width: 800px) 100vw, 800px\" \/><\/a><\/p>\n<p>Romiter Grupo fornece uma solu\u00e7\u00e3o completa bicicletas e motocicletas raios e tomada de mamilo, o que inclui, mas n\u00e3o est\u00e1 limitado a:<\/p>\n<ol>\n<li><a href=\"https:\/\/www.spokemaker.com\/bicycle-spokes-making-machine\/\">Bicicleta Spokes and Motorcycle Spokes que faz a m\u00e1quina<\/a><\/li>\n<li><a href=\"https:\/\/www.spokemaker.com\/bicycle-spoke-nipple-making-machine\/\">Bicicleta Spokes bico do peito e da motocicleta Spokes bico do peito que faz a m\u00e1quina<\/a><\/li>\n<li><a href=\"https:\/\/www.spokemaker.com\/bicycle-spokes-making-machine\/\">Butted bicicleta Spokes que faz a m\u00e1quina<\/a><\/li>\n<li><a href=\"https:\/\/www.spokemaker.com\/bicycle-spoke-nipple-making-machine\/\">L\u00e2mina de bicicleta Spokes que faz a m\u00e1quina<\/a><\/li>\n<li>M\u00e1quina Rim bicicleta Perfura\u00e7\u00e3o<\/li>\n<li>Bicicleta Rim e da motocicleta Rim d\u00e1 forma \u00e0 m\u00e1quina<\/li>\n<li>Fio m\u00e1quina de endireitar<\/li>\n<li>M\u00e1quina de corte de fio<\/li>\n<li>Fio Rebite que faz a m\u00e1quina<\/li>\n<\/ol>\n<p>Romiter Grupo pode fornecer produtos personalizados para os clientes. Bem-vindo a contactar-nos para mais informa\u00e7\u00f5es.<\/p>\n<p>&nbsp;<\/p>\n<h2><span style=\"font-family: verdana, geneva; color: #000000; background-color: #ffffff;\">Welcome to Contact Us<\/span><\/h2>\n\n<div class=\"wpcf7 no-js\" id=\"wpcf7-f4-o1\" lang=\"en-US\" dir=\"ltr\" data-wpcf7-id=\"4\">\n<div class=\"screen-reader-response\"><p role=\"status\" aria-live=\"polite\" aria-atomic=\"true\"><\/p> <ul><\/ul><\/div>\n<form action=\"\/pt-br\/wp-json\/wp\/v2\/pages\/285#wpcf7-f4-o1\" method=\"post\" class=\"wpcf7-form init\" aria-label=\"Contact form\" novalidate=\"novalidate\" data-status=\"init\">\n<fieldset class=\"hidden-fields-container\"><input type=\"hidden\" name=\"_wpcf7\" value=\"4\" \/><input type=\"hidden\" name=\"_wpcf7_version\" value=\"6.1.5\" \/><input type=\"hidden\" name=\"_wpcf7_locale\" value=\"en_US\" \/><input type=\"hidden\" name=\"_wpcf7_unit_tag\" value=\"wpcf7-f4-o1\" \/><input type=\"hidden\" name=\"_wpcf7_container_post\" value=\"0\" \/><input type=\"hidden\" name=\"_wpcf7_posted_data_hash\" value=\"\" \/>\n<\/fieldset>\n<div id=\"inquiryForm\">\n\t<h2>Send Us Inquiry to Get Quotation\n\t<\/h2>\n\t<p>Please enter your contact information and the details you want to know about our product.\n\t<\/p>\n\t<p>Your Name (required)\n\t<\/p>\n\t<p><span class=\"wpcf7-form-control-wrap\" data-name=\"your-name\"><input size=\"40\" maxlength=\"400\" class=\"wpcf7-form-control wpcf7-text wpcf7-validates-as-required\" aria-required=\"true\" aria-invalid=\"false\" value=\"\" type=\"text\" name=\"your-name\" \/><\/span>\n\t<\/p>\n\t<p>Your Email (required)\n\t<\/p>\n\t<p><span class=\"wpcf7-form-control-wrap\" data-name=\"your-email\"><input size=\"40\" maxlength=\"400\" class=\"wpcf7-form-control wpcf7-email wpcf7-validates-as-required wpcf7-text wpcf7-validates-as-email\" aria-required=\"true\" aria-invalid=\"false\" value=\"\" type=\"email\" name=\"your-email\" \/><\/span>\n\t<\/p>\n\t<p>Country\n\t<\/p>\n\t<p><span class=\"wpcf7-form-control-wrap\" data-name=\"your-country\"><input size=\"40\" maxlength=\"400\" class=\"wpcf7-form-control wpcf7-text\" aria-invalid=\"false\" placeholder=\"Tell us Your Country\" value=\"\" type=\"text\" name=\"your-country\" \/><\/span>\n\t<\/p>\n\t<p>WhatsApp\/Phone Number\n\t<\/p>\n\t<p><span class=\"wpcf7-form-control-wrap\" data-name=\"your-whatsapp\"><input size=\"40\" maxlength=\"400\" class=\"wpcf7-form-control wpcf7-text\" id=\"your-whatsapp\" aria-invalid=\"false\" placeholder=\"Your WhatsApp ID with Country Code\" value=\"\" type=\"text\" name=\"your-whatsapp\" \/><\/span>\n\t<\/p>\n\t<p>Subject\n\t<\/p>\n\t<p><span class=\"wpcf7-form-control-wrap\" data-name=\"your-subject\"><input size=\"40\" maxlength=\"400\" class=\"wpcf7-form-control wpcf7-text\" aria-invalid=\"false\" value=\"\" type=\"text\" name=\"your-subject\" \/><\/span>\n\t<\/p>\n\t<p>Your Message (required)\n\t<\/p>\n\t<p><span class=\"wpcf7-form-control-wrap\" data-name=\"your-message\"><textarea cols=\"40\" rows=\"10\" maxlength=\"2000\" class=\"wpcf7-form-control wpcf7-textarea wpcf7-validates-as-required\" aria-required=\"true\" aria-invalid=\"false\" placeholder=\"please specify your detail requirement here\" name=\"your-message\"><\/textarea><\/span>\n\t<\/p>\n\t<p><input class=\"wpcf7-form-control wpcf7-submit has-spinner\" type=\"submit\" value=\"Send\" \/>\n\t<\/p>\n<\/div><p style=\"display: none !important;\" class=\"akismet-fields-container\" data-prefix=\"_wpcf7_ak_\"><label>&#916;<textarea name=\"_wpcf7_ak_hp_textarea\" cols=\"45\" rows=\"8\" maxlength=\"100\"><\/textarea><\/label><input type=\"hidden\" id=\"ak_js_1\" name=\"_wpcf7_ak_js\" value=\"77\"\/><script type=\"text\/javascript\">\n\/* <![CDATA[ *\/\ndocument.getElementById( \"ak_js_1\" ).setAttribute( \"value\", ( new Date() ).getTime() );\n\/* ]]> *\/\n<\/script>\n<\/p><div class=\"wpcf7-response-output\" aria-hidden=\"true\"><\/div>\n<\/form>\n<\/div>\n\n","protected":false},"excerpt":{"rendered":"<p>Romiter Machinery Co., Ltd. \u00e9 um designer l\u00edder de mercado e um fabricante de bicicletas raios e raios motocicleta tornando m\u00e1quinas Romiter Machinery ganha grande reputa\u00e7\u00e3o para produtos com alta efici\u00eancia, excelente confiabilidade, f\u00e1cil manuten\u00e7\u00e3o e longa vida \u00fatil. Romiter tem uma excelente equipe de suporte t\u00e9cnico, incluindo operadores de m\u00e1quinas altamente experientes e t\u00e9cnicos de servi\u00e7o. O nosso servi\u00e7o, profissionalismo, experi\u00eancia e especializa\u00e7\u00e3o ganharam um grande n\u00famero de clientes satisfeitos, ganharam-nos a sua confian\u00e7a e nos deu credibilidade para trabalhar com v\u00e1rias empresas &#8212; grandes e pequenos, em todo East Area Oriente, do Norte e Am\u00e9rica do Sul, Reino Unido, Europa, Oceania, \u00c1sia e \u00c1frica, etc .. Romiter Spokes bicicleta que faz a m\u00e1quina e Spokes bico do peito que faz a m\u00e1quina atender Europa exig\u00eancia de qualidade. com certifica\u00e7\u00e3o CE, o Cliente n\u00e3o precisa se preocupar com a importa\u00e7\u00e3o Romiter Grupo fornece uma solu\u00e7\u00e3o completa bicicletas e motocicletas raios e tomada de mamilo, o que inclui, mas n\u00e3o &#8230;<\/p>\n","protected":false},"author":1,"featured_media":0,"parent":0,"menu_order":0,"comment_status":"closed","ping_status":"closed","template":"","meta":{"footnotes":""},"class_list":["post-285","page","type-page","status-publish","hentry"],"aioseo_notices":[],"jetpack_sharing_enabled":true,"_links":{"self":[{"href":"https:\/\/www.spokemaker.com\/pt-br\/wp-json\/wp\/v2\/pages\/285","targetHints":{"allow":["GET"]}}],"collection":[{"href":"https:\/\/www.spokemaker.com\/pt-br\/wp-json\/wp\/v2\/pages"}],"about":[{"href":"https:\/\/www.spokemaker.com\/pt-br\/wp-json\/wp\/v2\/types\/page"}],"author":[{"embeddable":true,"href":"https:\/\/www.spokemaker.com\/pt-br\/wp-json\/wp\/v2\/users\/1"}],"replies":[{"embeddable":true,"href":"https:\/\/www.spokemaker.com\/pt-br\/wp-json\/wp\/v2\/comments?post=285"}],"version-history":[{"count":0,"href":"https:\/\/www.spokemaker.com\/pt-br\/wp-json\/wp\/v2\/pages\/285\/revisions"}],"wp:attachment":[{"href":"https:\/\/www.spokemaker.com\/pt-br\/wp-json\/wp\/v2\/media?parent=285"}],"curies":[{"name":"wp","href":"https:\/\/api.w.org\/{rel}","templated":true}]}}