{"id":279,"date":"2016-09-03T05:49:59","date_gmt":"2016-09-03T05:49:59","guid":{"rendered":"http:\/\/www.spokemaker.com\/fr\/?page_id=279"},"modified":"2016-10-22T23:26:24","modified_gmt":"2016-10-22T23:26:24","slug":"a-propos-de-nous","status":"publish","type":"page","link":"https:\/\/www.spokemaker.com\/fr\/a-propos-de-nous\/","title":{"rendered":"\u00c0 propos de nous"},"content":{"rendered":"<p>Romiter Machinery Co., Ltd est un leader dans la conception du march\u00e9 et un fabricant de rayons de bicyclette et des rayons de moto machine \u00e0 faire<\/p>\n<p><a href=\"https:\/\/www.spokemaker.com\/bicycle-spokes-making-machine\/\"><img decoding=\"async\" class=\"alignnone size-full wp-image-233\" src=\"https:\/\/www.spokemaker.com\/wp-content\/uploads\/2016\/07\/Automatic-Bicycle-Spokes-Making-Machine-1.jpg\" alt=\"Automatic-Bicycle-Spokes-Making-Machine\" width=\"800\" height=\"301\" srcset=\"https:\/\/www.spokemaker.com\/wp-content\/uploads\/2016\/07\/Automatic-Bicycle-Spokes-Making-Machine-1.jpg 800w, https:\/\/www.spokemaker.com\/wp-content\/uploads\/2016\/07\/Automatic-Bicycle-Spokes-Making-Machine-1-300x113.jpg 300w, https:\/\/www.spokemaker.com\/wp-content\/uploads\/2016\/07\/Automatic-Bicycle-Spokes-Making-Machine-1-768x289.jpg 768w\" sizes=\"(max-width: 800px) 100vw, 800px\" \/><\/a><\/p>\n<p>Romiter Machines gagne grande r\u00e9putation pour les produits avec une grande efficacit\u00e9, une excellente fiabilit\u00e9, facilit\u00e9 d&rsquo;entretien et de longue dur\u00e9e de vie. Romiter a une excellente \u00e9quipe de soutien technique, y compris les machinistes tr\u00e8s exp\u00e9riment\u00e9s et des techniciens de maintenance.<\/p>\n<p><a href=\"https:\/\/www.spokemaker.com\/bicycle-spoke-nipple-making-machine\/\"><img decoding=\"async\" class=\"alignnone size-full wp-image-236\" src=\"https:\/\/www.spokemaker.com\/wp-content\/uploads\/2016\/07\/Automatic-Bicycle-Motorcycle-Spokes-Nipples-Making-Machine.jpg\" alt=\"Automatic-Bicycle-Motorcycle-Spokes-Nipples-Making-Machine\" width=\"800\" height=\"310\" srcset=\"https:\/\/www.spokemaker.com\/wp-content\/uploads\/2016\/07\/Automatic-Bicycle-Motorcycle-Spokes-Nipples-Making-Machine.jpg 800w, https:\/\/www.spokemaker.com\/wp-content\/uploads\/2016\/07\/Automatic-Bicycle-Motorcycle-Spokes-Nipples-Making-Machine-300x116.jpg 300w, https:\/\/www.spokemaker.com\/wp-content\/uploads\/2016\/07\/Automatic-Bicycle-Motorcycle-Spokes-Nipples-Making-Machine-768x298.jpg 768w\" sizes=\"(max-width: 800px) 100vw, 800px\" \/><\/a><\/p>\n<p>Notre service, le professionnalisme, l&rsquo;exp\u00e9rience et l&rsquo;expertise ont remport\u00e9 un grand nombre de clients satisfaits, nous ont gagn\u00e9 leur confiance et nous a donn\u00e9 de la cr\u00e9dibilit\u00e9 \u00e0 travailler avec diverses entreprises &#8212; grandes et petites, tout au long de la r\u00e9gion du Moyen-Orient, Am\u00e9rique du Nord et du Sud, Royaume-Uni, Europe, Oc\u00e9anie, Asie et Afrique, etc ..<\/p>\n<p><a href=\"https:\/\/www.spokemaker.com\/bicycle-butted-spokes-making-machine\/\"><img decoding=\"async\" class=\"alignnone size-full wp-image-235\" src=\"https:\/\/www.spokemaker.com\/wp-content\/uploads\/2016\/07\/Automatic-Single-Side-Butted-Spokes-Making-Machine.jpg\" alt=\"Automatic-Single-Side-Butted-Spokes-Making-Machine\" width=\"800\" height=\"334\" srcset=\"https:\/\/www.spokemaker.com\/wp-content\/uploads\/2016\/07\/Automatic-Single-Side-Butted-Spokes-Making-Machine.jpg 800w, https:\/\/www.spokemaker.com\/wp-content\/uploads\/2016\/07\/Automatic-Single-Side-Butted-Spokes-Making-Machine-300x125.jpg 300w, https:\/\/www.spokemaker.com\/wp-content\/uploads\/2016\/07\/Automatic-Single-Side-Butted-Spokes-Making-Machine-768x321.jpg 768w\" sizes=\"(max-width: 800px) 100vw, 800px\" \/><\/a><\/p>\n<p>Romiter Bicycle Spokes Making Machine and Spokes Nipple Making Machine rencontrer l&rsquo;Europe Exigence de qualit\u00e9. avec la certification CE, le client n&rsquo;a pas besoin de se soucier de l&rsquo;importation<\/p>\n<p><a href=\"https:\/\/www.spokemaker.com\/automatic-bladed-spokes-making-machine\/\"><img decoding=\"async\" class=\"alignnone size-full wp-image-234\" src=\"https:\/\/www.spokemaker.com\/wp-content\/uploads\/2016\/07\/Aero-Bladed-Bicycle-Spokes-Making-Machine.jpg\" alt=\"Aero-Bladed-Bicycle-Spokes-Making-Machine\" width=\"800\" height=\"333\" srcset=\"https:\/\/www.spokemaker.com\/wp-content\/uploads\/2016\/07\/Aero-Bladed-Bicycle-Spokes-Making-Machine.jpg 800w, https:\/\/www.spokemaker.com\/wp-content\/uploads\/2016\/07\/Aero-Bladed-Bicycle-Spokes-Making-Machine-300x125.jpg 300w, https:\/\/www.spokemaker.com\/wp-content\/uploads\/2016\/07\/Aero-Bladed-Bicycle-Spokes-Making-Machine-768x320.jpg 768w\" sizes=\"(max-width: 800px) 100vw, 800px\" \/><\/a><\/p>\n<p>Romiter Group fournit une solution v\u00e9lo et moto rayons complets et mamelon de d\u00e9cision, ce qui comprend, mais sans s&rsquo;y limiter:<\/p>\n<ol>\n<li>Spokes Bicycle et Motorcycle Spokes Making Machine<\/li>\n<li>V\u00e9lo Spokes Nipple et moto Spokes Nipple Making Machine<\/li>\n<li>Butted Bicycle Spokes Making Machine<\/li>\n<li>Tranchante Bicycle Spokes Making Machine<\/li>\n<li>Rim Bicycle Perforation machine<\/li>\n<li>Rim v\u00e9los et motos Rim formant la machine<\/li>\n<li>Fil Machine \u00e0 dresser<\/li>\n<li>Fil Machine de d\u00e9coupage<\/li>\n<li>Fil Rivet Making Machine<\/li>\n<\/ol>\n<p>Romiter Groupe peut fournir des produits sur mesure pour les clients. Bienvenue \u00e0 nous contacter pour plus d&rsquo;informations.<\/p>\n<h2><\/h2>\n<h2><span style=\"font-family: verdana, geneva; color: #000000; background-color: #ffffff;\">Welcome to Contact Us<\/span><\/h2>\n<hr \/>\n\n<div class=\"wpcf7 no-js\" id=\"wpcf7-f4-o1\" lang=\"en-US\" dir=\"ltr\" data-wpcf7-id=\"4\">\n<div class=\"screen-reader-response\"><p role=\"status\" aria-live=\"polite\" aria-atomic=\"true\"><\/p> <ul><\/ul><\/div>\n<form action=\"\/fr\/wp-json\/wp\/v2\/pages\/279#wpcf7-f4-o1\" method=\"post\" class=\"wpcf7-form init\" aria-label=\"Contact form\" novalidate=\"novalidate\" data-status=\"init\">\n<fieldset class=\"hidden-fields-container\"><input type=\"hidden\" name=\"_wpcf7\" value=\"4\" \/><input type=\"hidden\" name=\"_wpcf7_version\" value=\"6.1.5\" \/><input type=\"hidden\" name=\"_wpcf7_locale\" value=\"en_US\" \/><input type=\"hidden\" name=\"_wpcf7_unit_tag\" value=\"wpcf7-f4-o1\" \/><input type=\"hidden\" name=\"_wpcf7_container_post\" value=\"0\" \/><input type=\"hidden\" name=\"_wpcf7_posted_data_hash\" value=\"\" \/>\n<\/fieldset>\n<div id=\"inquiryForm\">\n\t<h2>Send Us Inquiry to Get Quotation\n\t<\/h2>\n\t<p>Please enter your contact information and the details you want to know about our product.\n\t<\/p>\n\t<p>Your Name (required)\n\t<\/p>\n\t<p><span class=\"wpcf7-form-control-wrap\" data-name=\"your-name\"><input size=\"40\" maxlength=\"400\" class=\"wpcf7-form-control wpcf7-text wpcf7-validates-as-required\" aria-required=\"true\" aria-invalid=\"false\" value=\"\" type=\"text\" name=\"your-name\" \/><\/span>\n\t<\/p>\n\t<p>Your Email (required)\n\t<\/p>\n\t<p><span class=\"wpcf7-form-control-wrap\" data-name=\"your-email\"><input size=\"40\" maxlength=\"400\" class=\"wpcf7-form-control wpcf7-email wpcf7-validates-as-required wpcf7-text wpcf7-validates-as-email\" aria-required=\"true\" aria-invalid=\"false\" value=\"\" type=\"email\" name=\"your-email\" \/><\/span>\n\t<\/p>\n\t<p>Country\n\t<\/p>\n\t<p><span class=\"wpcf7-form-control-wrap\" data-name=\"your-country\"><input size=\"40\" maxlength=\"400\" class=\"wpcf7-form-control wpcf7-text\" aria-invalid=\"false\" placeholder=\"Tell us Your Country\" value=\"\" type=\"text\" name=\"your-country\" \/><\/span>\n\t<\/p>\n\t<p>WhatsApp\/Phone Number\n\t<\/p>\n\t<p><span class=\"wpcf7-form-control-wrap\" data-name=\"your-whatsapp\"><input size=\"40\" maxlength=\"400\" class=\"wpcf7-form-control wpcf7-text\" id=\"your-whatsapp\" aria-invalid=\"false\" placeholder=\"Your WhatsApp ID with Country Code\" value=\"\" type=\"text\" name=\"your-whatsapp\" \/><\/span>\n\t<\/p>\n\t<p>Subject\n\t<\/p>\n\t<p><span class=\"wpcf7-form-control-wrap\" data-name=\"your-subject\"><input size=\"40\" maxlength=\"400\" class=\"wpcf7-form-control wpcf7-text\" aria-invalid=\"false\" value=\"\" type=\"text\" name=\"your-subject\" \/><\/span>\n\t<\/p>\n\t<p>Your Message (required)\n\t<\/p>\n\t<p><span class=\"wpcf7-form-control-wrap\" data-name=\"your-message\"><textarea cols=\"40\" rows=\"10\" maxlength=\"2000\" class=\"wpcf7-form-control wpcf7-textarea wpcf7-validates-as-required\" aria-required=\"true\" aria-invalid=\"false\" placeholder=\"please specify your detail requirement here\" name=\"your-message\"><\/textarea><\/span>\n\t<\/p>\n\t<p><input class=\"wpcf7-form-control wpcf7-submit has-spinner\" type=\"submit\" value=\"Send\" \/>\n\t<\/p>\n<\/div><p style=\"display: none !important;\" class=\"akismet-fields-container\" data-prefix=\"_wpcf7_ak_\"><label>&#916;<textarea name=\"_wpcf7_ak_hp_textarea\" cols=\"45\" rows=\"8\" maxlength=\"100\"><\/textarea><\/label><input type=\"hidden\" id=\"ak_js_1\" name=\"_wpcf7_ak_js\" value=\"28\"\/><script>document.getElementById( \"ak_js_1\" ).setAttribute( \"value\", ( new Date() ).getTime() );<\/script><\/p><div class=\"wpcf7-response-output\" aria-hidden=\"true\"><\/div>\n<\/form>\n<\/div>\n\n","protected":false},"excerpt":{"rendered":"<p>Romiter Machinery Co., Ltd est un leader dans la conception du march\u00e9 et un fabricant de rayons de bicyclette et des rayons de moto machine \u00e0 faire Romiter Machines gagne grande r\u00e9putation pour les produits avec une grande efficacit\u00e9, une excellente fiabilit\u00e9, facilit\u00e9 d&rsquo;entretien et de longue dur\u00e9e de vie. Romiter a une excellente \u00e9quipe de soutien technique, y compris les machinistes tr\u00e8s exp\u00e9riment\u00e9s et des techniciens de maintenance. Notre service, le professionnalisme, l&rsquo;exp\u00e9rience et l&rsquo;expertise ont remport\u00e9 un grand nombre de clients satisfaits, nous ont gagn\u00e9 leur confiance et nous a donn\u00e9 de la cr\u00e9dibilit\u00e9 \u00e0 travailler avec diverses entreprises &#8212; grandes et petites, tout au long de la r\u00e9gion du Moyen-Orient, Am\u00e9rique du Nord et du Sud, Royaume-Uni, Europe, Oc\u00e9anie, Asie et Afrique, etc .. Romiter Bicycle Spokes Making Machine and Spokes Nipple Making Machine rencontrer l&rsquo;Europe Exigence de qualit\u00e9. avec la certification CE, le client n&rsquo;a pas besoin de se soucier de l&rsquo;importation Romiter Group fournit une &#8230;<\/p>\n","protected":false},"author":1,"featured_media":0,"parent":0,"menu_order":0,"comment_status":"closed","ping_status":"closed","template":"","meta":{"footnotes":""},"class_list":["post-279","page","type-page","status-publish","hentry"],"aioseo_notices":[],"jetpack_sharing_enabled":true,"_links":{"self":[{"href":"https:\/\/www.spokemaker.com\/fr\/wp-json\/wp\/v2\/pages\/279","targetHints":{"allow":["GET"]}}],"collection":[{"href":"https:\/\/www.spokemaker.com\/fr\/wp-json\/wp\/v2\/pages"}],"about":[{"href":"https:\/\/www.spokemaker.com\/fr\/wp-json\/wp\/v2\/types\/page"}],"author":[{"embeddable":true,"href":"https:\/\/www.spokemaker.com\/fr\/wp-json\/wp\/v2\/users\/1"}],"replies":[{"embeddable":true,"href":"https:\/\/www.spokemaker.com\/fr\/wp-json\/wp\/v2\/comments?post=279"}],"version-history":[{"count":0,"href":"https:\/\/www.spokemaker.com\/fr\/wp-json\/wp\/v2\/pages\/279\/revisions"}],"wp:attachment":[{"href":"https:\/\/www.spokemaker.com\/fr\/wp-json\/wp\/v2\/media?parent=279"}],"curies":[{"name":"wp","href":"https:\/\/api.w.org\/{rel}","templated":true}]}}