{"id":284,"date":"2016-09-03T05:39:35","date_gmt":"2016-09-03T05:39:35","guid":{"rendered":"http:\/\/www.spokemaker.com\/es\/?page_id=284"},"modified":"2016-10-22T23:35:19","modified_gmt":"2016-10-22T23:35:19","slug":"sobre-nosotros","status":"publish","type":"page","link":"https:\/\/www.spokemaker.com\/es\/sobre-nosotros\/","title":{"rendered":"Sobre nosotros"},"content":{"rendered":"<p>Romiter Machinery Co., Ltd. es un l\u00edder en el dise\u00f1o de mercado y un fabricante de radios de bicicleta y motocicleta radios que hace la m\u00e1quina<\/p>\n<p><a href=\"https:\/\/www.spokemaker.com\/bicycle-spokes-making-machine\/\"><img decoding=\"async\" class=\"alignnone size-full wp-image-233\" src=\"https:\/\/www.spokemaker.com\/wp-content\/uploads\/2016\/07\/Automatic-Bicycle-Spokes-Making-Machine-1.jpg\" alt=\"Automatic-Bicycle-Spokes-Making-Machine\" width=\"800\" height=\"301\" srcset=\"https:\/\/www.spokemaker.com\/wp-content\/uploads\/2016\/07\/Automatic-Bicycle-Spokes-Making-Machine-1.jpg 800w, https:\/\/www.spokemaker.com\/wp-content\/uploads\/2016\/07\/Automatic-Bicycle-Spokes-Making-Machine-1-300x113.jpg 300w, https:\/\/www.spokemaker.com\/wp-content\/uploads\/2016\/07\/Automatic-Bicycle-Spokes-Making-Machine-1-768x289.jpg 768w\" sizes=\"(max-width: 800px) 100vw, 800px\" \/><\/a><\/p>\n<p>Romiter Maquinaria gana gran reputaci\u00f3n para los productos con alta eficiencia, excelente fiabilidad, facilidad de mantenimiento y larga vida \u00fatil. Romiter tiene un excelente equipo de soporte t\u00e9cnico, incluyendo operarios altamente experimentados y t\u00e9cnicos de servicio.<\/p>\n<p><a href=\"https:\/\/www.spokemaker.com\/bicycle-spoke-nipple-making-machine\/\"><img decoding=\"async\" class=\"alignnone size-full wp-image-236\" src=\"https:\/\/www.spokemaker.com\/wp-content\/uploads\/2016\/07\/Automatic-Bicycle-Motorcycle-Spokes-Nipples-Making-Machine.jpg\" alt=\"Automatic-Bicycle-Motorcycle-Spokes-Nipples-Making-Machine\" width=\"800\" height=\"310\" srcset=\"https:\/\/www.spokemaker.com\/wp-content\/uploads\/2016\/07\/Automatic-Bicycle-Motorcycle-Spokes-Nipples-Making-Machine.jpg 800w, https:\/\/www.spokemaker.com\/wp-content\/uploads\/2016\/07\/Automatic-Bicycle-Motorcycle-Spokes-Nipples-Making-Machine-300x116.jpg 300w, https:\/\/www.spokemaker.com\/wp-content\/uploads\/2016\/07\/Automatic-Bicycle-Motorcycle-Spokes-Nipples-Making-Machine-768x298.jpg 768w\" sizes=\"(max-width: 800px) 100vw, 800px\" \/><\/a><\/p>\n<p>Nuestro servicio, profesionalismo, experiencia y conocimientos han ganado un gran n\u00famero de clientes satisfechos, nos han ganado su confianza y nos ha dado la credibilidad de trabajar con varias compa\u00f1\u00edas &#8212; tanto grandes como peque\u00f1as, a lo largo de la zona de Oriente Medio, del Norte y del Sur, Reino Unido, Europa, Ocean\u00eda, Asia y \u00c1frica, etc ..<\/p>\n<p><a href=\"https:\/\/www.spokemaker.com\/bicycle-butted-spokes-making-machine\/\"><img decoding=\"async\" class=\"alignnone size-full wp-image-235\" src=\"https:\/\/www.spokemaker.com\/wp-content\/uploads\/2016\/07\/Automatic-Single-Side-Butted-Spokes-Making-Machine.jpg\" alt=\"Automatic-Single-Side-Butted-Spokes-Making-Machine\" width=\"800\" height=\"334\" srcset=\"https:\/\/www.spokemaker.com\/wp-content\/uploads\/2016\/07\/Automatic-Single-Side-Butted-Spokes-Making-Machine.jpg 800w, https:\/\/www.spokemaker.com\/wp-content\/uploads\/2016\/07\/Automatic-Single-Side-Butted-Spokes-Making-Machine-300x125.jpg 300w, https:\/\/www.spokemaker.com\/wp-content\/uploads\/2016\/07\/Automatic-Single-Side-Butted-Spokes-Making-Machine-768x321.jpg 768w\" sizes=\"(max-width: 800px) 100vw, 800px\" \/><\/a><\/p>\n<p>Romiter bicicletas Radios Radios que hace la m\u00e1quina y Nipple que hace la m\u00e1quina cumple los requisitos de calidad de Europa. con la certificaci\u00f3n del CE, el cliente no tiene que preocuparse por la importaci\u00f3n<\/p>\n<p><a href=\"https:\/\/www.spokemaker.com\/automatic-bladed-spokes-making-machine\/\"><img decoding=\"async\" class=\"alignnone size-full wp-image-234\" src=\"https:\/\/www.spokemaker.com\/wp-content\/uploads\/2016\/07\/Aero-Bladed-Bicycle-Spokes-Making-Machine.jpg\" alt=\"Aero-Bladed-Bicycle-Spokes-Making-Machine\" width=\"800\" height=\"333\" srcset=\"https:\/\/www.spokemaker.com\/wp-content\/uploads\/2016\/07\/Aero-Bladed-Bicycle-Spokes-Making-Machine.jpg 800w, https:\/\/www.spokemaker.com\/wp-content\/uploads\/2016\/07\/Aero-Bladed-Bicycle-Spokes-Making-Machine-300x125.jpg 300w, https:\/\/www.spokemaker.com\/wp-content\/uploads\/2016\/07\/Aero-Bladed-Bicycle-Spokes-Making-Machine-768x320.jpg 768w\" sizes=\"(max-width: 800px) 100vw, 800px\" \/><\/a><\/p>\n<p>Romiter Grupo ofrece una soluci\u00f3n para bicicletas y motocicletas completas radios y la toma de pez\u00f3n, que incluye pero no se limita a:<\/p>\n<ol>\n<li><a href=\"https:\/\/www.spokemaker.com\/bicycle-spokes-making-machine\/\">Radios de bicicleta y motocicleta de rayos que hace la m\u00e1quina<\/a><\/li>\n<li><a href=\"https:\/\/www.spokemaker.com\/bicycle-spoke-nipple-making-machine\/\">Los rayos de la bicicleta y motocicleta de Pez\u00f3n Pez\u00f3n Radios que hace la m\u00e1quina<\/a><\/li>\n<li>Butted bicicletas Radios que hace la m\u00e1quina<\/li>\n<li><a href=\"https:\/\/www.spokemaker.com\/bicycle-spoke-nipple-making-machine\/\">Aplanado de los rayos de la bicicleta que hace la m\u00e1quina<\/a><\/li>\n<li>M\u00e1quina llanta de bicicleta de Perforaci\u00f3n<\/li>\n<li>Llanta de bicicleta y la motocicleta del borde que forma la m\u00e1quina<\/li>\n<li>Alambre de enderezar la m\u00e1quina<\/li>\n<li>Alambre de corte de la m\u00e1quina<\/li>\n<li>Alambre del remache que hace la m\u00e1quina<\/li>\n<\/ol>\n<p>Romiter grupo puede ofrecer productos personalizados para los clientes. Bienvenido a ponerse en contacto con nosotros para obtener m\u00e1s informaci\u00f3n.<\/p>\n<p>&nbsp;<\/p>\n<h2><span style=\"font-family: verdana, geneva; color: #000000; background-color: #ffffff;\">Welcome to Contact Us<\/span><\/h2>\n<hr \/>\n\n<div class=\"wpcf7 no-js\" id=\"wpcf7-f4-o1\" lang=\"en-US\" dir=\"ltr\" data-wpcf7-id=\"4\">\n<div class=\"screen-reader-response\"><p role=\"status\" aria-live=\"polite\" aria-atomic=\"true\"><\/p> <ul><\/ul><\/div>\n<form action=\"\/es\/wp-json\/wp\/v2\/pages\/284#wpcf7-f4-o1\" method=\"post\" class=\"wpcf7-form init\" aria-label=\"Contact form\" novalidate=\"novalidate\" data-status=\"init\">\n<fieldset class=\"hidden-fields-container\"><input type=\"hidden\" name=\"_wpcf7\" value=\"4\" \/><input type=\"hidden\" name=\"_wpcf7_version\" value=\"6.1.5\" \/><input type=\"hidden\" name=\"_wpcf7_locale\" value=\"en_US\" \/><input type=\"hidden\" name=\"_wpcf7_unit_tag\" value=\"wpcf7-f4-o1\" \/><input type=\"hidden\" name=\"_wpcf7_container_post\" value=\"0\" \/><input type=\"hidden\" name=\"_wpcf7_posted_data_hash\" value=\"\" \/>\n<\/fieldset>\n<div id=\"inquiryForm\">\n\t<h2>Send Us Inquiry to Get Quotation\n\t<\/h2>\n\t<p>Please enter your contact information and the details you want to know about our product.\n\t<\/p>\n\t<p>Your Name (required)\n\t<\/p>\n\t<p><span class=\"wpcf7-form-control-wrap\" data-name=\"your-name\"><input size=\"40\" maxlength=\"400\" class=\"wpcf7-form-control wpcf7-text wpcf7-validates-as-required\" aria-required=\"true\" aria-invalid=\"false\" value=\"\" type=\"text\" name=\"your-name\" \/><\/span>\n\t<\/p>\n\t<p>Your Email (required)\n\t<\/p>\n\t<p><span class=\"wpcf7-form-control-wrap\" data-name=\"your-email\"><input size=\"40\" maxlength=\"400\" class=\"wpcf7-form-control wpcf7-email wpcf7-validates-as-required wpcf7-text wpcf7-validates-as-email\" aria-required=\"true\" aria-invalid=\"false\" value=\"\" type=\"email\" name=\"your-email\" \/><\/span>\n\t<\/p>\n\t<p>Country\n\t<\/p>\n\t<p><span class=\"wpcf7-form-control-wrap\" data-name=\"your-country\"><input size=\"40\" maxlength=\"400\" class=\"wpcf7-form-control wpcf7-text\" aria-invalid=\"false\" placeholder=\"Tell us Your Country\" value=\"\" type=\"text\" name=\"your-country\" \/><\/span>\n\t<\/p>\n\t<p>WhatsApp\/Phone Number\n\t<\/p>\n\t<p><span class=\"wpcf7-form-control-wrap\" data-name=\"your-whatsapp\"><input size=\"40\" maxlength=\"400\" class=\"wpcf7-form-control wpcf7-text\" id=\"your-whatsapp\" aria-invalid=\"false\" placeholder=\"Your WhatsApp ID with Country Code\" value=\"\" type=\"text\" name=\"your-whatsapp\" \/><\/span>\n\t<\/p>\n\t<p>Subject\n\t<\/p>\n\t<p><span class=\"wpcf7-form-control-wrap\" data-name=\"your-subject\"><input size=\"40\" maxlength=\"400\" class=\"wpcf7-form-control wpcf7-text\" aria-invalid=\"false\" value=\"\" type=\"text\" name=\"your-subject\" \/><\/span>\n\t<\/p>\n\t<p>Your Message (required)\n\t<\/p>\n\t<p><span class=\"wpcf7-form-control-wrap\" data-name=\"your-message\"><textarea cols=\"40\" rows=\"10\" maxlength=\"2000\" class=\"wpcf7-form-control wpcf7-textarea wpcf7-validates-as-required\" aria-required=\"true\" aria-invalid=\"false\" placeholder=\"please specify your detail requirement here\" name=\"your-message\"><\/textarea><\/span>\n\t<\/p>\n\t<p><input class=\"wpcf7-form-control wpcf7-submit has-spinner\" type=\"submit\" value=\"Send\" \/>\n\t<\/p>\n<\/div><p style=\"display: none !important;\" class=\"akismet-fields-container\" data-prefix=\"_wpcf7_ak_\"><label>&#916;<textarea name=\"_wpcf7_ak_hp_textarea\" cols=\"45\" rows=\"8\" maxlength=\"100\"><\/textarea><\/label><input type=\"hidden\" id=\"ak_js_1\" name=\"_wpcf7_ak_js\" value=\"115\"\/><script type=\"text\/javascript\">\n\/* <![CDATA[ *\/\ndocument.getElementById( \"ak_js_1\" ).setAttribute( \"value\", ( new Date() ).getTime() );\n\/* ]]> *\/\n<\/script>\n<\/p><div class=\"wpcf7-response-output\" aria-hidden=\"true\"><\/div>\n<\/form>\n<\/div>\n\n","protected":false},"excerpt":{"rendered":"<p>Romiter Machinery Co., Ltd. es un l\u00edder en el dise\u00f1o de mercado y un fabricante de radios de bicicleta y motocicleta radios que hace la m\u00e1quina Romiter Maquinaria gana gran reputaci\u00f3n para los productos con alta eficiencia, excelente fiabilidad, facilidad de mantenimiento y larga vida \u00fatil. Romiter tiene un excelente equipo de soporte t\u00e9cnico, incluyendo operarios altamente experimentados y t\u00e9cnicos de servicio. Nuestro servicio, profesionalismo, experiencia y conocimientos han ganado un gran n\u00famero de clientes satisfechos, nos han ganado su confianza y nos ha dado la credibilidad de trabajar con varias compa\u00f1\u00edas &#8212; tanto grandes como peque\u00f1as, a lo largo de la zona de Oriente Medio, del Norte y del Sur, Reino Unido, Europa, Ocean\u00eda, Asia y \u00c1frica, etc .. Romiter bicicletas Radios Radios que hace la m\u00e1quina y Nipple que hace la m\u00e1quina cumple los requisitos de calidad de Europa. con la certificaci\u00f3n del CE, el cliente no tiene que preocuparse por la importaci\u00f3n Romiter Grupo ofrece una soluci\u00f3n &#8230;<\/p>\n","protected":false},"author":1,"featured_media":0,"parent":0,"menu_order":0,"comment_status":"closed","ping_status":"closed","template":"","meta":{"footnotes":""},"class_list":["post-284","page","type-page","status-publish","hentry"],"aioseo_notices":[],"jetpack_sharing_enabled":true,"_links":{"self":[{"href":"https:\/\/www.spokemaker.com\/es\/wp-json\/wp\/v2\/pages\/284","targetHints":{"allow":["GET"]}}],"collection":[{"href":"https:\/\/www.spokemaker.com\/es\/wp-json\/wp\/v2\/pages"}],"about":[{"href":"https:\/\/www.spokemaker.com\/es\/wp-json\/wp\/v2\/types\/page"}],"author":[{"embeddable":true,"href":"https:\/\/www.spokemaker.com\/es\/wp-json\/wp\/v2\/users\/1"}],"replies":[{"embeddable":true,"href":"https:\/\/www.spokemaker.com\/es\/wp-json\/wp\/v2\/comments?post=284"}],"version-history":[{"count":0,"href":"https:\/\/www.spokemaker.com\/es\/wp-json\/wp\/v2\/pages\/284\/revisions"}],"wp:attachment":[{"href":"https:\/\/www.spokemaker.com\/es\/wp-json\/wp\/v2\/media?parent=284"}],"curies":[{"name":"wp","href":"https:\/\/api.w.org\/{rel}","templated":true}]}}